{"id":1171,"date":"2024-07-07T00:04:06","date_gmt":"2024-07-07T03:04:06","guid":{"rendered":"https:\/\/almanatura.cl\/?post_type=product&#038;p=1171"},"modified":"2024-07-11T12:37:44","modified_gmt":"2024-07-11T15:37:44","slug":"rosario","status":"publish","type":"product","link":"https:\/\/almanatura.cl\/index.php\/producto\/rosario\/","title":{"rendered":"Rosario con bolsita (Regalo difusor agua bendita)"},"content":{"rendered":"<p>Nuestro hermoso rosario de cuentas es el compa\u00f1ero perfecto para tus momentos de reflexi\u00f3n y oraci\u00f3n, con lindos y diversos colores\u00a0 Adem\u00e1s, incluimos una hermosa bolsita para que puedas llevarlo contigo a todas partes. Y como regalo especial, te obsequiamos un difusor de agua bendita para que puedas rociar tus espacios con energ\u00eda positiva. \u00a1Encuentra la paz interior con nuestro rosario \u00fanico!<\/p>\n","protected":false},"excerpt":{"rendered":"<p>Nuestro hermoso rosario de cuentas es el compa\u00f1ero perfecto para tus momentos de reflexi\u00f3n y oraci\u00f3n, con lindos y diversos colores\u00a0 Adem\u00e1s, incluimos una hermosa bolsita para que puedas llevarlo contigo a todas partes. Y como regalo especial, te obsequiamos un difusor de agua bendita para que puedas rociar tus espacios con energ\u00eda positiva. \u00a1Encuentra [&hellip;]<\/p>\n","protected":false},"featured_media":1174,"comment_status":"open","ping_status":"closed","template":"","meta":{"_et_pb_use_builder":"","_et_pb_old_content":"","_et_gb_content_width":"","_joinchat":{"message_text":"Quisiera comprar el rosario por {PRICE}"}},"product_brand":[],"product_cat":[62],"product_tag":[],"class_list":{"0":"post-1171","1":"product","2":"type-product","3":"status-publish","4":"has-post-thumbnail","6":"product_cat-cristiano","8":"first","9":"instock","10":"sale","11":"shipping-taxable","12":"purchasable","13":"product-type-simple"},"_links":{"self":[{"href":"https:\/\/almanatura.cl\/index.php\/wp-json\/wp\/v2\/product\/1171","targetHints":{"allow":["GET"]}}],"collection":[{"href":"https:\/\/almanatura.cl\/index.php\/wp-json\/wp\/v2\/product"}],"about":[{"href":"https:\/\/almanatura.cl\/index.php\/wp-json\/wp\/v2\/types\/product"}],"replies":[{"embeddable":true,"href":"https:\/\/almanatura.cl\/index.php\/wp-json\/wp\/v2\/comments?post=1171"}],"wp:featuredmedia":[{"embeddable":true,"href":"https:\/\/almanatura.cl\/index.php\/wp-json\/wp\/v2\/media\/1174"}],"wp:attachment":[{"href":"https:\/\/almanatura.cl\/index.php\/wp-json\/wp\/v2\/media?parent=1171"}],"wp:term":[{"taxonomy":"product_brand","embeddable":true,"href":"https:\/\/almanatura.cl\/index.php\/wp-json\/wp\/v2\/product_brand?post=1171"},{"taxonomy":"product_cat","embeddable":true,"href":"https:\/\/almanatura.cl\/index.php\/wp-json\/wp\/v2\/product_cat?post=1171"},{"taxonomy":"product_tag","embeddable":true,"href":"https:\/\/almanatura.cl\/index.php\/wp-json\/wp\/v2\/product_tag?post=1171"}],"curies":[{"name":"wp","href":"https:\/\/api.w.org\/{rel}","templated":true}]}}